{"id":3088,"date":"2021-09-03T03:22:27","date_gmt":"2021-09-03T03:22:27","guid":{"rendered":"https:\/\/grupodoin.com\/lmri\/?page_id=3088"},"modified":"2021-09-03T05:02:07","modified_gmt":"2021-09-03T05:02:07","slug":"mapa-do-site","status":"publish","type":"page","link":"https:\/\/grupodoin.com\/lmri\/mapa-do-site\/","title":{"rendered":"mapa do site"},"content":{"rendered":"\t\t<div data-elementor-type=\"wp-page\" data-elementor-id=\"3088\" class=\"elementor elementor-3088\" data-elementor-post-type=\"page\">\n\t\t\t\t\t\t<section class=\"has_ae_slider elementor-section elementor-top-section elementor-element elementor-element-bcd94c1 elementor-section-boxed elementor-section-height-default elementor-section-height-default ae-bg-gallery-type-default\" data-id=\"bcd94c1\" data-element_type=\"section\">\n\t\t\t\t\t\t<div class=\"elementor-container elementor-column-gap-default\">\n\t\t\t\t\t<div class=\"has_ae_slider elementor-column elementor-col-100 elementor-top-column elementor-element elementor-element-036e82c ae-bg-gallery-type-default\" data-id=\"036e82c\" data-element_type=\"column\">\n\t\t\t<div class=\"elementor-widget-wrap elementor-element-populated\">\n\t\t\t\t\t\t<div class=\"elementor-element elementor-element-4a1da2f elementor-widget-divider--view-line elementor-widget elementor-widget-divider\" data-id=\"4a1da2f\" data-element_type=\"widget\" data-widget_type=\"divider.default\">\n\t\t\t\t<div class=\"elementor-widget-container\">\n\t\t\t\t\t\t\t<div class=\"elementor-divider\">\n\t\t\t<span class=\"elementor-divider-separator\">\n\t\t\t\t\t\t<\/span>\n\t\t<\/div>\n\t\t\t\t\t\t<\/div>\n\t\t\t\t<\/div>\n\t\t\t\t<div class=\"elementor-element elementor-element-1b945d7 elementor-widget elementor-widget-sitemap\" data-id=\"1b945d7\" data-element_type=\"widget\" data-widget_type=\"sitemap.default\">\n\t\t\t\t<div class=\"elementor-widget-container\">\n\t\t\t\t\t<div class=\"elementor-sitemap-wrap\"><div class=\"elementor-sitemap-section\"><h2 class=\"elementor-sitemap-title elementor-sitemap-page-title\">P\u00e1ginas<\/h2><ul class=\"elementor-sitemap-list elementor-sitemap-page-list\"><li class=\"elementor-sitemap-item elementor-sitemap-item-page page_item page-item-4385\"><a href=\"https:\/\/grupodoin.com\/lmri\/ic\/\">IC<\/a><\/li><li class=\"elementor-sitemap-item elementor-sitemap-item-page page_item page-item-4379\"><a href=\"https:\/\/grupodoin.com\/lmri\/ep\/\">#4379 (sem t\u00edtulo)<\/a><\/li><li class=\"elementor-sitemap-item elementor-sitemap-item-page page_item page-item-3920\"><a href=\"https:\/\/grupodoin.com\/lmri\/empresas\/\">Empresas<\/a><\/li><li class=\"elementor-sitemap-item elementor-sitemap-item-page page_item page-item-3875\"><a href=\"https:\/\/grupodoin.com\/lmri\/redirecionando-para-solicitacao\/\">Redirecionando para solicita\u00e7\u00e3o<\/a><\/li><li class=\"elementor-sitemap-item elementor-sitemap-item-page page_item page-item-3278\"><a href=\"https:\/\/grupodoin.com\/lmri\/todos-os-certificados\/\">Todos os Certificados<\/a><\/li><li class=\"elementor-sitemap-item elementor-sitemap-item-page page_item page-item-3088\"><a href=\"https:\/\/grupodoin.com\/lmri\/mapa-do-site\/\">mapa do site<\/a><\/li><li class=\"elementor-sitemap-item elementor-sitemap-item-page page_item page-item-3005\"><a href=\"https:\/\/grupodoin.com\/lmri\/editar-dados-do-usuario\/\">Editar Dados do Usu\u00e1rio<\/a><\/li><li class=\"elementor-sitemap-item elementor-sitemap-item-page page_item page-item-840\"><a href=\"https:\/\/grupodoin.com\/lmri\/contatos\/\">Contatos<\/a><\/li><li class=\"elementor-sitemap-item elementor-sitemap-item-page page_item page-item-2788\"><a href=\"https:\/\/grupodoin.com\/lmri\/login-designer\/\">Login Designer<\/a><\/li><li class=\"elementor-sitemap-item elementor-sitemap-item-page page_item page-item-2723\"><a href=\"https:\/\/grupodoin.com\/lmri\/noticias\/\">Not\u00edcias<\/a><\/li><li class=\"elementor-sitemap-item elementor-sitemap-item-page page_item page-item-2722\"><a href=\"https:\/\/grupodoin.com\/lmri\/credenciais\/\">Credenciais<\/a><\/li><li class=\"elementor-sitemap-item elementor-sitemap-item-page page_item page-item-2708\"><a href=\"https:\/\/grupodoin.com\/lmri\/clientes-usuais\/\">Clientes Usuais<\/a><\/li><li class=\"elementor-sitemap-item elementor-sitemap-item-page page_item page-item-2706\"><a href=\"https:\/\/grupodoin.com\/lmri\/area-de-atuacao\/\">\u00c1rea de Atua\u00e7\u00e3o<\/a><\/li><li class=\"elementor-sitemap-item elementor-sitemap-item-page page_item page-item-2681\"><a href=\"https:\/\/grupodoin.com\/lmri\/registro-com-jetengine\/\">Registro com JetEngine<\/a><\/li><li class=\"elementor-sitemap-item elementor-sitemap-item-page page_item page-item-2548\"><a href=\"https:\/\/grupodoin.com\/lmri\/equipe\/\">Equipe<\/a><\/li><li class=\"elementor-sitemap-item elementor-sitemap-item-page page_item page-item-2502\"><a href=\"https:\/\/grupodoin.com\/lmri\/editar-solicitacao\/\">Editar Solicita\u00e7\u00e3o<\/a><\/li><li class=\"elementor-sitemap-item elementor-sitemap-item-page page_item page-item-2318\"><a href=\"https:\/\/grupodoin.com\/lmri\/todas-solicitacoes\/\">Todas as solicita\u00e7\u00f5es<\/a><\/li><li class=\"elementor-sitemap-item elementor-sitemap-item-page page_item page-item-2269\"><a href=\"https:\/\/grupodoin.com\/lmri\/nova-solicitacao\/\">Nova solicita\u00e7\u00e3o<\/a><\/li><li class=\"elementor-sitemap-item elementor-sitemap-item-page page_item page-item-2102\"><a href=\"https:\/\/grupodoin.com\/lmri\/area-do-cliente\/\">\u00c1rea do Cliente<\/a><\/li><li class=\"elementor-sitemap-item elementor-sitemap-item-page page_item page-item-1970\"><a href=\"https:\/\/grupodoin.com\/lmri\/walter_formulario_teste\/\">walter_formulario_teste<\/a><\/li><li class=\"elementor-sitemap-item elementor-sitemap-item-page page_item page-item-1941\"><a href=\"https:\/\/grupodoin.com\/lmri\/pagina-de-teste-lucas\/\">P\u00e1gina de Teste Lucas<\/a><\/li><li class=\"elementor-sitemap-item elementor-sitemap-item-page page_item page-item-1858\"><a href=\"https:\/\/grupodoin.com\/lmri\/cadastre-se\/\">Cadastre-se<\/a><\/li><li class=\"elementor-sitemap-item elementor-sitemap-item-page page_item page-item-1846\"><a href=\"https:\/\/grupodoin.com\/lmri\/login_teste\/\">Login_Teste<\/a><\/li><li class=\"elementor-sitemap-item elementor-sitemap-item-page page_item page-item-248\"><a href=\"https:\/\/grupodoin.com\/lmri\/curiosidades\/\">curiosidades<\/a><\/li><li class=\"elementor-sitemap-item elementor-sitemap-item-page page_item page-item-195\"><a href=\"https:\/\/grupodoin.com\/lmri\/a5213-privacy-and-terms-2\/\">Privacy and Terms<\/a><\/li><li class=\"elementor-sitemap-item elementor-sitemap-item-page page_item page-item-908\"><a href=\"https:\/\/grupodoin.com\/lmri\/\">Homepage<\/a><\/li><li class=\"elementor-sitemap-item elementor-sitemap-item-page page_item page-item-48\"><a href=\"https:\/\/grupodoin.com\/lmri\/localizacao\/\">Localiza\u00e7\u00e3o<\/a><\/li><li class=\"elementor-sitemap-item elementor-sitemap-item-page page_item page-item-904 current_page_parent\"><a href=\"https:\/\/grupodoin.com\/lmri\/287ae-energy-panels-blog\/\">Blog<\/a><\/li><\/ul><\/div><\/div>\t\t\t\t<\/div>\n\t\t\t\t<\/div>\n\t\t\t\t\t<\/div>\n\t\t<\/div>\n\t\t\t\t\t<\/div>\n\t\t<\/section>\n\t\t\t\t<\/div>\n\t\t","protected":false},"excerpt":{"rendered":"","protected":false},"author":1,"featured_media":0,"parent":0,"menu_order":0,"comment_status":"closed","ping_status":"closed","template":"page-templates\/template-pagebuilder-full-width.php","meta":{"neve_meta_sidebar":"full-width","neve_meta_container":"","neve_meta_enable_content_width":"on","neve_meta_content_width":100,"neve_meta_title_alignment":"","neve_meta_author_avatar":"","neve_post_elements_order":"","neve_meta_disable_header":"","neve_meta_disable_footer":"","neve_meta_disable_title":"","_themeisle_gutenberg_block_has_review":false,"footnotes":""},"class_list":["post-3088","page","type-page","status-publish","hentry"],"_links":{"self":[{"href":"https:\/\/grupodoin.com\/lmri\/wp-json\/wp\/v2\/pages\/3088","targetHints":{"allow":["GET"]}}],"collection":[{"href":"https:\/\/grupodoin.com\/lmri\/wp-json\/wp\/v2\/pages"}],"about":[{"href":"https:\/\/grupodoin.com\/lmri\/wp-json\/wp\/v2\/types\/page"}],"author":[{"embeddable":true,"href":"https:\/\/grupodoin.com\/lmri\/wp-json\/wp\/v2\/users\/1"}],"replies":[{"embeddable":true,"href":"https:\/\/grupodoin.com\/lmri\/wp-json\/wp\/v2\/comments?post=3088"}],"version-history":[{"count":6,"href":"https:\/\/grupodoin.com\/lmri\/wp-json\/wp\/v2\/pages\/3088\/revisions"}],"predecessor-version":[{"id":3094,"href":"https:\/\/grupodoin.com\/lmri\/wp-json\/wp\/v2\/pages\/3088\/revisions\/3094"}],"wp:attachment":[{"href":"https:\/\/grupodoin.com\/lmri\/wp-json\/wp\/v2\/media?parent=3088"}],"curies":[{"name":"wp","href":"https:\/\/api.w.org\/{rel}","templated":true}]}}