{"id":3005,"date":"2021-09-01T17:43:36","date_gmt":"2021-09-01T17:43:36","guid":{"rendered":"https:\/\/grupodoin.com\/lmri\/?page_id=3005"},"modified":"2021-09-14T20:03:28","modified_gmt":"2021-09-14T20:03:28","slug":"editar-dados-do-usuario","status":"publish","type":"page","link":"https:\/\/grupodoin.com\/lmri\/editar-dados-do-usuario\/","title":{"rendered":"Editar Dados do Usu\u00e1rio"},"content":{"rendered":"\t\t<div data-elementor-type=\"wp-page\" data-elementor-id=\"3005\" class=\"elementor elementor-3005\" data-elementor-post-type=\"page\">\n\t\t\t\t<!-- dce invisible element 896360b -->\t\t<\/div>\n\t\t","protected":false},"excerpt":{"rendered":"<p>DADOS DO CLIENTE Altere seus Dados: Caso n\u00e3o queira alterar sue e-mail de login e\/ou sua senha, deixe os campos: &#8220;Novo E-mail&#8221;, &#8220;Nova Senha&#8221; e &#8220;Confirme sua Nova Senha&#8221; em branco. Novo E-mail: Nova Senha Confirme sua Nova Senha Avan\u00e7ar Dados do Cliente: Raz\u00e3o Social CNPJ Unidade Insc. Estadual Insc. Municipal: Endere\u00e7o CEP Bairro Cidade&hellip;&nbsp;<a href=\"https:\/\/grupodoin.com\/lmri\/editar-dados-do-usuario\/\" rel=\"bookmark\">Continue a ler &raquo;<span class=\"screen-reader-text\">Editar Dados do Usu\u00e1rio<\/span><\/a><\/p>\n","protected":false},"author":1,"featured_media":0,"parent":0,"menu_order":0,"comment_status":"closed","ping_status":"closed","template":"elementor_header_footer","meta":{"neve_meta_sidebar":"full-width","neve_meta_container":"","neve_meta_enable_content_width":"on","neve_meta_content_width":100,"neve_meta_title_alignment":"","neve_meta_author_avatar":"","neve_post_elements_order":"","neve_meta_disable_header":"","neve_meta_disable_footer":"","neve_meta_disable_title":"","_themeisle_gutenberg_block_has_review":false,"footnotes":""},"class_list":["post-3005","page","type-page","status-publish","hentry"],"_links":{"self":[{"href":"https:\/\/grupodoin.com\/lmri\/wp-json\/wp\/v2\/pages\/3005","targetHints":{"allow":["GET"]}}],"collection":[{"href":"https:\/\/grupodoin.com\/lmri\/wp-json\/wp\/v2\/pages"}],"about":[{"href":"https:\/\/grupodoin.com\/lmri\/wp-json\/wp\/v2\/types\/page"}],"author":[{"embeddable":true,"href":"https:\/\/grupodoin.com\/lmri\/wp-json\/wp\/v2\/users\/1"}],"replies":[{"embeddable":true,"href":"https:\/\/grupodoin.com\/lmri\/wp-json\/wp\/v2\/comments?post=3005"}],"version-history":[{"count":127,"href":"https:\/\/grupodoin.com\/lmri\/wp-json\/wp\/v2\/pages\/3005\/revisions"}],"predecessor-version":[{"id":3588,"href":"https:\/\/grupodoin.com\/lmri\/wp-json\/wp\/v2\/pages\/3005\/revisions\/3588"}],"wp:attachment":[{"href":"https:\/\/grupodoin.com\/lmri\/wp-json\/wp\/v2\/media?parent=3005"}],"curies":[{"name":"wp","href":"https:\/\/api.w.org\/{rel}","templated":true}]}}