{"id":2706,"date":"2021-08-30T16:15:39","date_gmt":"2021-08-30T16:15:39","guid":{"rendered":"https:\/\/grupodoin.com\/lmri\/?page_id=2706"},"modified":"2022-04-14T02:31:59","modified_gmt":"2022-04-14T02:31:59","slug":"area-de-atuacao","status":"publish","type":"page","link":"https:\/\/grupodoin.com\/lmri\/area-de-atuacao\/","title":{"rendered":"\u00c1rea de Atua\u00e7\u00e3o"},"content":{"rendered":"\t\t<div data-elementor-type=\"wp-page\" data-elementor-id=\"2706\" class=\"elementor elementor-2706\" data-elementor-post-type=\"page\">\n\t\t\t\t\t\t<section class=\"has_ae_slider elementor-section elementor-top-section elementor-element elementor-element-fc19e2a elementor-section-full_width elementor-section-height-min-height elementor-section-height-default elementor-section-items-middle ae-bg-gallery-type-default\" data-id=\"fc19e2a\" data-element_type=\"section\" data-settings=\"{&quot;background_background&quot;:&quot;classic&quot;}\">\n\t\t\t\t\t\t<div class=\"elementor-container elementor-column-gap-default\">\n\t\t\t\t\t<div class=\"has_ae_slider elementor-column elementor-col-100 elementor-top-column elementor-element elementor-element-674b70d ae-bg-gallery-type-default\" data-id=\"674b70d\" data-element_type=\"column\" data-settings=\"{&quot;background_background&quot;:&quot;classic&quot;}\">\n\t\t\t<div class=\"elementor-widget-wrap elementor-element-populated\">\n\t\t\t\t\t\t<div class=\"elementor-element elementor-element-95248c1 elementor-widget elementor-widget-heading\" data-id=\"95248c1\" data-element_type=\"widget\" data-widget_type=\"heading.default\">\n\t\t\t\t<div class=\"elementor-widget-container\">\n\t\t\t\t\t<h2 class=\"elementor-heading-title elementor-size-default\">\u00c1rea de Atua\u00e7\u00e3o<\/h2>\t\t\t\t<\/div>\n\t\t\t\t<\/div>\n\t\t\t\t\t<\/div>\n\t\t<\/div>\n\t\t\t\t\t<\/div>\n\t\t<\/section>\n\t\t\t\t<section class=\"has_ae_slider elementor-section elementor-top-section elementor-element elementor-element-31f4197 elementor-section-boxed elementor-section-height-default elementor-section-height-default ae-bg-gallery-type-default\" data-id=\"31f4197\" data-element_type=\"section\">\n\t\t\t\t\t\t<div class=\"elementor-container elementor-column-gap-default\">\n\t\t\t\t\t<div class=\"has_ae_slider elementor-column elementor-col-100 elementor-top-column elementor-element elementor-element-9c5b08b ae-bg-gallery-type-default\" data-id=\"9c5b08b\" data-element_type=\"column\" data-settings=\"{&quot;background_background&quot;:&quot;classic&quot;}\">\n\t\t\t<div class=\"elementor-widget-wrap elementor-element-populated\">\n\t\t\t\t\t\t<div class=\"elementor-element elementor-element-d561108 elementor-widget elementor-widget-text-editor\" data-id=\"d561108\" data-element_type=\"widget\" data-widget_type=\"text-editor.default\">\n\t\t\t\t<div class=\"elementor-widget-container\">\n\t\t\t\t\t\t\t\t\t<p>O Laborat\u00f3rio de Metrologia das Radia\u00e7\u00f5es vem prestando servi\u00e7os \u00e0 comunidade, desde 1997, na \u00e1rea de calibra\u00e7\u00e3o de dos\u00edmetros e aparelhos de medida da radia\u00e7\u00e3o ionizante pertencentes a cl\u00ednicas, hospitais e ind\u00fastrias da Regi\u00e3o e do Pa\u00eds.<\/p><p><br \/><strong>Calibra\u00e7\u00e3o de Monitores de Radia\u00e7\u00e3o<\/strong><br \/><br \/>Este servi\u00e7o visa atender \u00e0 demanda por parte de hospitais e da ind\u00fastria com rela\u00e7\u00e3o \u00e0 calibra\u00e7\u00e3o de monitores port\u00e1teis. O Laborat\u00f3rio de Calibra\u00e7\u00e3o j\u00e1 est\u00e1 com a infra-estrutura de irradia\u00e7\u00e3o e controle completa.<\/p>\t\t\t\t\t\t\t\t<\/div>\n\t\t\t\t<\/div>\n\t\t\t\t\t<\/div>\n\t\t<\/div>\n\t\t\t\t\t<\/div>\n\t\t<\/section>\n\t\t\t\t<section class=\"has_ae_slider elementor-section elementor-top-section elementor-element elementor-element-218a779 elementor-section-boxed elementor-section-height-default elementor-section-height-default ae-bg-gallery-type-default\" data-id=\"218a779\" data-element_type=\"section\">\n\t\t\t\t\t\t<div class=\"elementor-container elementor-column-gap-default\">\n\t\t\t\t\t<div class=\"has_ae_slider elementor-column elementor-col-100 elementor-top-column elementor-element elementor-element-97b3222 ae-bg-gallery-type-default\" data-id=\"97b3222\" data-element_type=\"column\">\n\t\t\t<div class=\"elementor-widget-wrap elementor-element-populated\">\n\t\t\t\t\t\t<div class=\"elementor-element elementor-element-858130e elementor-widget elementor-widget-spacer\" data-id=\"858130e\" data-element_type=\"widget\" data-widget_type=\"spacer.default\">\n\t\t\t\t<div class=\"elementor-widget-container\">\n\t\t\t\t\t\t\t<div class=\"elementor-spacer\">\n\t\t\t<div class=\"elementor-spacer-inner\"><\/div>\n\t\t<\/div>\n\t\t\t\t\t\t<\/div>\n\t\t\t\t<\/div>\n\t\t\t\t\t<\/div>\n\t\t<\/div>\n\t\t\t\t\t<\/div>\n\t\t<\/section>\n\t\t\t\t<\/div>\n\t\t","protected":false},"excerpt":{"rendered":"<p>\u00c1rea de Atua\u00e7\u00e3o O Laborat\u00f3rio de Metrologia das Radia\u00e7\u00f5es vem prestando servi\u00e7os \u00e0 comunidade, desde 1997, na \u00e1rea de calibra\u00e7\u00e3o de dos\u00edmetros e aparelhos de medida da radia\u00e7\u00e3o ionizante pertencentes a cl\u00ednicas, hospitais e ind\u00fastrias da Regi\u00e3o e do Pa\u00eds. Calibra\u00e7\u00e3o de Monitores de Radia\u00e7\u00e3o Este servi\u00e7o visa atender \u00e0 demanda por parte de hospitais&hellip;&nbsp;<a href=\"https:\/\/grupodoin.com\/lmri\/area-de-atuacao\/\" rel=\"bookmark\">Continue a ler &raquo;<span class=\"screen-reader-text\">\u00c1rea de Atua\u00e7\u00e3o<\/span><\/a><\/p>\n","protected":false},"author":1,"featured_media":0,"parent":0,"menu_order":0,"comment_status":"closed","ping_status":"closed","template":"elementor_header_footer","meta":{"neve_meta_sidebar":"full-width","neve_meta_container":"","neve_meta_enable_content_width":"on","neve_meta_content_width":100,"neve_meta_title_alignment":"","neve_meta_author_avatar":"","neve_post_elements_order":"","neve_meta_disable_header":"","neve_meta_disable_footer":"","neve_meta_disable_title":"","_themeisle_gutenberg_block_has_review":false,"footnotes":""},"class_list":["post-2706","page","type-page","status-publish","hentry"],"_links":{"self":[{"href":"https:\/\/grupodoin.com\/lmri\/wp-json\/wp\/v2\/pages\/2706","targetHints":{"allow":["GET"]}}],"collection":[{"href":"https:\/\/grupodoin.com\/lmri\/wp-json\/wp\/v2\/pages"}],"about":[{"href":"https:\/\/grupodoin.com\/lmri\/wp-json\/wp\/v2\/types\/page"}],"author":[{"embeddable":true,"href":"https:\/\/grupodoin.com\/lmri\/wp-json\/wp\/v2\/users\/1"}],"replies":[{"embeddable":true,"href":"https:\/\/grupodoin.com\/lmri\/wp-json\/wp\/v2\/comments?post=2706"}],"version-history":[{"count":26,"href":"https:\/\/grupodoin.com\/lmri\/wp-json\/wp\/v2\/pages\/2706\/revisions"}],"predecessor-version":[{"id":4130,"href":"https:\/\/grupodoin.com\/lmri\/wp-json\/wp\/v2\/pages\/2706\/revisions\/4130"}],"wp:attachment":[{"href":"https:\/\/grupodoin.com\/lmri\/wp-json\/wp\/v2\/media?parent=2706"}],"curies":[{"name":"wp","href":"https:\/\/api.w.org\/{rel}","templated":true}]}}