{"id":2502,"date":"2021-08-11T15:11:11","date_gmt":"2021-08-11T15:11:11","guid":{"rendered":"https:\/\/grupodoin.com\/lmri\/?page_id=2502"},"modified":"2021-10-12T17:45:13","modified_gmt":"2021-10-12T17:45:13","slug":"editar-solicitacao","status":"publish","type":"page","link":"https:\/\/grupodoin.com\/lmri\/editar-solicitacao\/","title":{"rendered":"Editar Solicita\u00e7\u00e3o"},"content":{"rendered":"\t\t<div data-elementor-type=\"wp-page\" data-elementor-id=\"2502\" class=\"elementor elementor-2502\" data-elementor-post-type=\"page\">\n\t\t\t\t\t\t<section class=\"has_ae_slider elementor-section elementor-top-section elementor-element elementor-element-953a180 elementor-section-boxed elementor-section-height-default elementor-section-height-default ae-bg-gallery-type-default\" data-id=\"953a180\" data-element_type=\"section\">\n\t\t\t\t\t\t<div class=\"elementor-container elementor-column-gap-default\">\n\t\t\t\t\t<div class=\"has_ae_slider elementor-column elementor-col-100 elementor-top-column elementor-element elementor-element-62c9683 ae-bg-gallery-type-default\" data-id=\"62c9683\" data-element_type=\"column\">\n\t\t\t<div class=\"elementor-widget-wrap elementor-element-populated\">\n\t\t\t\t\t\t<div class=\"elementor-element elementor-element-8514338 elementor-widget elementor-widget-spacer\" data-id=\"8514338\" data-element_type=\"widget\" data-widget_type=\"spacer.default\">\n\t\t\t\t<div class=\"elementor-widget-container\">\n\t\t\t\t\t\t\t<div class=\"elementor-spacer\">\n\t\t\t<div class=\"elementor-spacer-inner\"><\/div>\n\t\t<\/div>\n\t\t\t\t\t\t<\/div>\n\t\t\t\t<\/div>\n\t\t\t\t\t<\/div>\n\t\t<\/div>\n\t\t\t\t\t<\/div>\n\t\t<\/section>\n\t\t\t\t<section class=\"has_ae_slider elementor-section elementor-top-section elementor-element elementor-element-cd8ed4f elementor-section-boxed elementor-section-height-default elementor-section-height-default ae-bg-gallery-type-default\" data-id=\"cd8ed4f\" data-element_type=\"section\">\n\t\t\t\t\t\t<div class=\"elementor-container elementor-column-gap-default\">\n\t\t\t\t\t<div class=\"has_ae_slider elementor-column elementor-col-100 elementor-top-column elementor-element elementor-element-189d6d9 ae-bg-gallery-type-default\" data-id=\"189d6d9\" data-element_type=\"column\">\n\t\t\t<div class=\"elementor-widget-wrap elementor-element-populated\">\n\t\t\t\t\t\t<div class=\"elementor-element elementor-element-5fd9503 elementor-widget-divider--view-line elementor-widget elementor-widget-divider\" data-id=\"5fd9503\" data-element_type=\"widget\" data-widget_type=\"divider.default\">\n\t\t\t\t<div class=\"elementor-widget-container\">\n\t\t\t\t\t\t\t<div class=\"elementor-divider\">\n\t\t\t<span class=\"elementor-divider-separator\">\n\t\t\t\t\t\t<\/span>\n\t\t<\/div>\n\t\t\t\t\t\t<\/div>\n\t\t\t\t<\/div>\n\t\t\t\t<div class=\"elementor-element elementor-element-2667882 elementor-align-center elementor-widget elementor-widget-button\" data-id=\"2667882\" data-element_type=\"widget\" data-widget_type=\"button.default\">\n\t\t\t\t<div class=\"elementor-widget-container\">\n\t\t\t\t\t\t\t\t\t<div class=\"elementor-button-wrapper\">\n\t\t\t\t\t<a class=\"elementor-button elementor-button-link elementor-size-sm\" href=\"https:\/\/grupodoin.com\/lmri\/todas-solicitacoes\/\" id=\"descartar-alteracoes\">\n\t\t\t\t\t\t<span class=\"elementor-button-content-wrapper\">\n\t\t\t\t\t\t\t\t\t<span class=\"elementor-button-text\">Descartar altera\u00e7\u00f5es<\/span>\n\t\t\t\t\t<\/span>\n\t\t\t\t\t<\/a>\n\t\t\t\t<\/div>\n\t\t\t\t\t\t\t\t<\/div>\n\t\t\t\t<\/div>\n\t\t\t\t<div class=\"elementor-element elementor-element-9511a9f elementor-widget-divider--view-line elementor-widget elementor-widget-divider\" data-id=\"9511a9f\" data-element_type=\"widget\" data-widget_type=\"divider.default\">\n\t\t\t\t<div class=\"elementor-widget-container\">\n\t\t\t\t\t\t\t<div class=\"elementor-divider\">\n\t\t\t<span class=\"elementor-divider-separator\">\n\t\t\t\t\t\t<\/span>\n\t\t<\/div>\n\t\t\t\t\t\t<\/div>\n\t\t\t\t<\/div>\n\t\t\t\t\t<\/div>\n\t\t<\/div>\n\t\t\t\t\t<\/div>\n\t\t<\/section>\n\t\t\t\t<section class=\"has_ae_slider elementor-section elementor-top-section elementor-element elementor-element-ef9c328 elementor-section-boxed elementor-section-height-default elementor-section-height-default ae-bg-gallery-type-default\" data-id=\"ef9c328\" data-element_type=\"section\">\n\t\t\t\t\t\t<div class=\"elementor-container elementor-column-gap-default\">\n\t\t\t\t\t<div class=\"has_ae_slider elementor-column elementor-col-100 elementor-top-column elementor-element elementor-element-1edf7de ae-bg-gallery-type-default\" data-id=\"1edf7de\" data-element_type=\"column\">\n\t\t\t<div class=\"elementor-widget-wrap elementor-element-populated\">\n\t\t\t\t\t\t<div class=\"elementor-element elementor-element-cd130ba jedv-enabled--yes elementor-widget elementor-widget-jet-engine-booking-form\" data-id=\"cd130ba\" data-element_type=\"widget\" data-widget_type=\"jet-engine-booking-form.default\">\n\t\t\t\t<div class=\"elementor-widget-container\">\n\t\t\t\t\t<form  class=\"jet-form layout-column submit-type-reload\" action=\"\/lmri\/wp-json\/wp\/v2\/pages\/2502?jet_engine_action=book&#038;nocache=1778766431\" method=\"POST\" data-form-id=\"3867\"><input class=\"jet-form__field hidden-field\" type=\"hidden\" name=\"_jet_engine_booking_form_id\" value=\"3867\" data-field-name=\"_jet_engine_booking_form_id\"><input class=\"jet-form__field hidden-field\" type=\"hidden\" name=\"_jet_engine_refer\" value=\"https:\/\/grupodoin.com\/lmri\/wp-json\/wp\/v2\/pages\/2502\" data-field-name=\"_jet_engine_refer\"><div  class=\"jet-form-row jet-form-row--hidden\"><div class=\"jet-form-col jet-form-col-12  field-type-hidden  jet-form-field-container\" data-field=\"post_id\" data-conditional=\"false\"><input class=\"jet-form__field hidden-field\" type=\"hidden\" name=\"post_id\" value=\"\" data-field-name=\"post_id\"><\/div><\/div><div  class=\"jet-form-row jet-form-row--first-visible\"><div class=\"jet-form-col jet-form-col-12  field-type-select  jet-form-field-container\" data-field=\"o-que-solicita\" data-conditional=\"false\"><div class=\"jet-form__label\">\n\t<span class=\"jet-form__label-text\" >O que solicita?<\/span>\n\t<\/div><select  name=\"o-que-solicita\" data-field-name=\"o-que-solicita\" id=\"o-que-solicita\" data-default-val=\"Ordem\" class=\"jet-form__field select-field\"><option value=\"Proposta\" >Apenas a proposta de or\u00e7amento<\/option><option value=\"Ordem\"  selected='selected'>Ordem de servi\u00e7o<\/option><\/select><\/div><\/div><div  class=\"jet-form-row\"><div class=\"jet-form-col jet-form-col-12  field-type-radio  jet-form-field-container\" data-field=\"empresa-distinta\" data-conditional=\"false\"><div class=\"jet-form__label\">\n\t<span class=\"jet-form__label-text\" >Emitir Certificado em nome da empresa solicitante?<\/span>\n\t<\/div><div class=\"jet-form__fields-group checkradio-wrap\">\t\t<div class=\"jet-form__field-wrap radio-wrap checkradio-wrap\">\n\t\t\t\t\t\t<label class=\"jet-form__field-label\">\n\t\t\t\t<input\n\t\t\t\t\ttype=\"radio\"\n\t\t\t\t\tname=\"empresa-distinta\"\n\t\t\t\t\tclass=\"jet-form__field radio-field checkradio-field\"\n\t\t\t\t\tvalue=\"Os certificados devem ser todos emitidos em nome da empresa solicitante.\"\n\t\t\t\t\tdata-field-name=\"empresa-distinta\"\n\t\t\t\t\t checked='checked'\t\t\t\t\t\t\t\t\t\t\t\t\t\t\t\t\t\t\t>\n\t\t\t\tOs certificados devem ser todos emitidos em nome da empresa solicitante.\t\t\t<\/label>\n\t\t<\/div>\n\t\t\t\t<div class=\"jet-form__field-wrap radio-wrap checkradio-wrap\">\n\t\t\t\t\t\t<label class=\"jet-form__field-label\">\n\t\t\t\t<input\n\t\t\t\t\ttype=\"radio\"\n\t\t\t\t\tname=\"empresa-distinta\"\n\t\t\t\t\tclass=\"jet-form__field radio-field checkradio-field\"\n\t\t\t\t\tvalue=\"Os certificados devem ser emitidos em nome de uma \u00fanica empresa distinta da empresa solicitante.\"\n\t\t\t\t\tdata-field-name=\"empresa-distinta\"\n\t\t\t\t\t\t\t\t\t\t\t\t\t\t\t\t\t\t\t\t\t\t\t\t>\n\t\t\t\tOs certificados devem ser emitidos em nome de uma \u00fanica empresa distinta da empresa solicitante.\t\t\t<\/label>\n\t\t<\/div>\n\t\t\t\t<div class=\"jet-form__field-wrap radio-wrap checkradio-wrap\">\n\t\t\t\t\t\t<label class=\"jet-form__field-label\">\n\t\t\t\t<input\n\t\t\t\t\ttype=\"radio\"\n\t\t\t\t\tname=\"empresa-distinta\"\n\t\t\t\t\tclass=\"jet-form__field radio-field checkradio-field\"\n\t\t\t\t\tvalue=\"Os certificados devem ser emitidos em nome de v\u00e1rias empresas.\"\n\t\t\t\t\tdata-field-name=\"empresa-distinta\"\n\t\t\t\t\t\t\t\t\t\t\t\t\t\t\t\t\t\t\t\t\t\t\t\t>\n\t\t\t\tOs certificados devem ser emitidos em nome de v\u00e1rias empresas.\t\t\t<\/label>\n\t\t<\/div>\n\t\t<\/div><\/div><\/div><div  class=\"jet-form-row\"><div class=\"jet-form-col jet-form-col-4  field-type-text  jet-form-field-container\" data-field=\"razao-social-para-certificado\" data-conditional=\"[{&quot;type&quot;:&quot;show&quot;,&quot;field&quot;:&quot;empresa-distinta&quot;,&quot;operator&quot;:&quot;equal&quot;,&quot;value&quot;:&quot;Os certificados devem ser emitidos em nome de uma \\u00fanica empresa distinta da empresa solicitante.&quot;,&quot;set_value&quot;:&quot;&quot;}]\"><div class=\"jet-form__label\">\n\t<span class=\"jet-form__label-text\" >Raz\u00e3o Social da Empresa para Emiss\u00e3o de Certificado<\/span>\n\t<\/div><input class=\"jet-form__field text-field \" value=\"\" name=\"razao-social-para-certificado\" id=\"razao-social-para-certificado\" type=\"text\" data-field-name=\"razao-social-para-certificado\"><\/div><div class=\"jet-form-col jet-form-col-4  field-type-text  jet-form-field-container\" data-field=\"endereco-para-certificado\" data-conditional=\"[{&quot;type&quot;:&quot;show&quot;,&quot;field&quot;:&quot;empresa-distinta&quot;,&quot;operator&quot;:&quot;equal&quot;,&quot;value&quot;:&quot;Os certificados devem ser emitidos em nome de uma \\u00fanica empresa distinta da empresa solicitante.&quot;,&quot;set_value&quot;:&quot;&quot;}]\"><div class=\"jet-form__label\">\n\t<span class=\"jet-form__label-text\" >Endere\u00e7o da Empresa para Emiss\u00e3o de Certificado<\/span>\n\t<\/div><input class=\"jet-form__field text-field \" value=\"\" name=\"endereco-para-certificado\" id=\"endereco-para-certificado\" type=\"text\" data-field-name=\"endereco-para-certificado\"><\/div><div class=\"jet-form-col jet-form-col-4  field-type-text  jet-form-field-container\" data-field=\"cnpj-para-certificado\" data-conditional=\"[{&quot;type&quot;:&quot;show&quot;,&quot;field&quot;:&quot;empresa-distinta&quot;,&quot;operator&quot;:&quot;equal&quot;,&quot;value&quot;:&quot;Os certificados devem ser emitidos em nome de uma \\u00fanica empresa distinta da empresa solicitante.&quot;,&quot;set_value&quot;:&quot;&quot;}]\"><div class=\"jet-form__label\">\n\t<span class=\"jet-form__label-text\" >CNPJ da Empresa para Emiss\u00e3o de Cerificado<\/span>\n\t<\/div><input class=\"jet-form__field text-field \" value=\"\" name=\"cnpj-para-certificado\" id=\"cnpj-para-certificado\" type=\"text\" data-field-name=\"cnpj-para-certificado\"><\/div><\/div><div  class=\"jet-form-row\"><div class=\"jet-form-col jet-form-col-12  field-type-heading  jet-form-field-container\" data-field=\"heading\" data-conditional=\"false\"><div class=\"jet-form__heading\">\n\t<span class=\"jet-form__label-text\" >Itens<\/span>\n\t<\/div><\/div><\/div><div  class=\"jet-form-row\"><div class=\"jet-form-col jet-form-col-2  field-type-heading  jet-form-field-container\" data-field=\"heading_copy\" data-conditional=\"false\"><div class=\"jet-form__heading\">\n\t<span class=\"jet-form__label-text\" >Tipo<\/span>\n\t<\/div><\/div><div class=\"jet-form-col jet-form-col-2  field-type-heading  jet-form-field-container\" data-field=\"heading_copy_copy\" data-conditional=\"false\"><div class=\"jet-form__heading\">\n\t<span class=\"jet-form__label-text\" >Fabricante<\/span>\n\t<\/div><\/div><div class=\"jet-form-col jet-form-col-3  field-type-heading  jet-form-field-container\" data-field=\"heading_copy_copy_copy\" data-conditional=\"false\"><div class=\"jet-form__heading\">\n\t<span class=\"jet-form__label-text\" >Modelo\/s\u00e9rie<\/span>\n\t<\/div><\/div><div class=\"jet-form-col jet-form-col-2  field-type-heading  jet-form-field-container\" data-field=\"heading_copy_copy_copy\" data-conditional=\"false\"><div class=\"jet-form__heading\">\n\t<span class=\"jet-form__label-text\" >N\u00ba de Patrim\u00f4nio<\/span>\n\t<\/div><\/div><div class=\"jet-form-col jet-form-col-3  field-type-heading  jet-form-field-container\" data-field=\"heading_copy_copy_copy_copy\" data-conditional=\"false\"><div class=\"jet-form__heading\">\n\t<span class=\"jet-form__label-text\" >Qualidade da radia\u00e7\u00e3o<\/span>\n\t<\/div><\/div><\/div><div  class=\"jet-form-row\"><div class=\"jet-form-col jet-form-col-12  field-type-repeater_start  jet-form-field-container\" data-field=\"itens\" data-conditional=\"false\"><div class=\"jet-form-repeater\" data-repeater=\"1\" data-field-name=\"itens\" name=\"itens\" data-settings=\"{&quot;manageItems&quot;:&quot;manually&quot;,&quot;itemsField&quot;:false,&quot;calcType&quot;:&quot;default&quot;}\"><template class=\"jet-form-repeater__initial\"><div class=\"jet-form-repeater__row\" data-repeater-row=\"1\" data-index=\"0\"><div class=\"jet-form-repeater__row-fields\"><div  class=\"jet-form-row\"><div class=\"jet-form-col jet-form-col-2  field-type-select  jet-form-field-container\" data-field=\"tipo\" data-conditional=\"false\"><select  name=\"itens[__i__][tipo]\" data-field-name=\"tipo\" id=\"itens___i___tipo\" data-default-val=\"\" class=\"jet-form__field select-field\"><option value=\"Monitor de \u00c1rea\" >Monitor de \u00c1rea<\/option><option value=\"Monitor de Contamina\u00e7\u00e3o de Superf\u00edcie\" >Monitor de Contamina\u00e7\u00e3o de Superf\u00edcie<\/option><option value=\"BIP\" >BIP<\/option><option value=\"Caneta Dosim\u00e9trica\" >Caneta Dosim\u00e9trica<\/option><option value=\"C\u00e2mara de ioniza\u00e7\u00e3o\" >C\u00e2mara de ioniza\u00e7\u00e3o<\/option><option value=\"Monitor Pessoal\" >Monitor Pessoal<\/option><option value=\"Semicondutor\" >Semicondutor<\/option><option value=\"Medidor de kVetempo\" >Medidor de kVetempo<\/option><option value=\"Outro\" >Outro<\/option><\/select><\/div><div class=\"jet-form-col jet-form-col-2  field-type-text  jet-form-field-container\" data-field=\"fabricante\" data-conditional=\"false\"><input class=\"jet-form__field text-field \" value=\"\" name=\"itens[__i__][fabricante]\" id=\"itens___i___fabricante\" type=\"text\" data-field-name=\"fabricante\"><\/div><div class=\"jet-form-col jet-form-col-3  field-type-text  jet-form-field-container\" data-field=\"modelo-serie\" data-conditional=\"false\"><input class=\"jet-form__field text-field \" value=\"\" name=\"itens[__i__][modelo-serie]\" id=\"itens___i___modelo-serie\" type=\"text\" data-field-name=\"modelo-serie\"><\/div><div class=\"jet-form-col jet-form-col-2  field-type-text  jet-form-field-container\" data-field=\"no-de-patrimonio\" data-conditional=\"false\"><input class=\"jet-form__field text-field \" value=\"\" name=\"itens[__i__][no-de-patrimonio]\" id=\"itens___i___no-de-patrimonio\" type=\"text\" data-field-name=\"no-de-patrimonio\"><\/div><div class=\"jet-form-col jet-form-col-2  field-type-select  jet-form-field-container\" data-field=\"qualidade-da-radiacao\" data-conditional=\"false\"><select  name=\"itens[__i__][qualidade-da-radiacao]\" data-field-name=\"qualidade-da-radiacao\" id=\"itens___i___qualidade-da-radiacao\" data-default-val=\"\" class=\"jet-form__field select-field\"><option value=\"Rad. Gama\" >Rad. Gama<\/option><option value=\"Rad. Alfa\" >Rad. Alfa<\/option><option value=\"Rad. Beta\" >Rad. Beta<\/option><option value=\"Rad. Alfa e Beta\" >Rad. Alfa e Beta<\/option><option value=\"Rx\" >Rx<\/option><\/select><\/div><div class=\"jet-form-col jet-form-col-1  field-type-select  jet-form-field-container\" data-field=\"detalhamento-rx\" data-conditional=\"[{&quot;type&quot;:&quot;show&quot;,&quot;field&quot;:&quot;itens\\\\[__i__\\\\]\\\\[qualidade-da-radiacao\\\\]&quot;,&quot;operator&quot;:&quot;equal&quot;,&quot;value&quot;:&quot;Rx&quot;,&quot;set_value&quot;:&quot;&quot;}]\"><select  name=\"itens[__i__][detalhamento-rx]\" data-field-name=\"detalhamento-rx\" id=\"itens___i___detalhamento-rx\" class=\"jet-form__field select-field\"><option value=\"RQR\" >RQR<\/option><option value=\"RQA\" >RQA<\/option><option value=\"RQT\" >RQT<\/option><option value=\"MMV\" >MMV<\/option><option value=\"WMV\" >WMV<\/option><option value=\"ISO N\" >ISO N<\/option><option value=\"ISO W\" >ISO W<\/option><option value=\"kV\" >kV<\/option><option value=\"Tempo\" >Tempo<\/option><\/select><\/div><\/div><div  class=\"jet-form-row\"><div class=\"jet-form-col jet-form-col-2  field-type-text  jet-form-field-container\" data-field=\"outro-tipo\" data-conditional=\"[{&quot;type&quot;:&quot;show&quot;,&quot;field&quot;:&quot;itens\\\\[__i__\\\\]\\\\[tipo\\\\]&quot;,&quot;operator&quot;:&quot;equal&quot;,&quot;value&quot;:&quot;Outro&quot;,&quot;set_value&quot;:&quot;&quot;}]\"><input class=\"jet-form__field text-field \" name=\"itens[__i__][outro-tipo]\" id=\"itens___i___outro-tipo\" type=\"text\" data-field-name=\"outro-tipo\"><\/div><div class=\"jet-form-col jet-form-col-10  field-type-hidden  jet-form-field-container\" data-field=\"field_name\" data-conditional=\"[{&quot;type&quot;:&quot;show&quot;,&quot;field&quot;:&quot;itens\\\\[__i__\\\\]\\\\[tipo\\\\]&quot;,&quot;operator&quot;:&quot;equal&quot;,&quot;value&quot;:&quot;Outro&quot;,&quot;set_value&quot;:&quot;&quot;}]\"><input class=\"jet-form__field hidden-field\" type=\"hidden\" name=\"itens[__i__][field_name]\" value=\"\" data-field-name=\"field_name\"><\/div><\/div><div  class=\"jet-form-row\"><div class=\"jet-form-col jet-form-col-4  field-type-text  jet-form-field-container\" data-field=\"razao-social-do-item\" data-conditional=\"[{&quot;type&quot;:&quot;show&quot;,&quot;field&quot;:&quot;empresa-distinta&quot;,&quot;operator&quot;:&quot;equal&quot;,&quot;value&quot;:&quot;Os certificados devem ser emitidos em nome de v\\u00e1rias empresas.&quot;,&quot;set_value&quot;:&quot;&quot;}]\"><div class=\"jet-form__label\">\n\t<span class=\"jet-form__label-text\" >Raz\u00e3o Social<\/span>\n\t<\/div><input class=\"jet-form__field text-field \" value=\"\" name=\"itens[__i__][razao-social-do-item]\" id=\"itens___i___razao-social-do-item\" type=\"text\" data-field-name=\"razao-social-do-item\"><\/div><div class=\"jet-form-col jet-form-col-4  field-type-text  jet-form-field-container\" data-field=\"endereco-do-item\" data-conditional=\"[{&quot;type&quot;:&quot;show&quot;,&quot;field&quot;:&quot;empresa-distinta&quot;,&quot;operator&quot;:&quot;equal&quot;,&quot;value&quot;:&quot;Os certificados devem ser emitidos em nome de v\\u00e1rias empresas.&quot;,&quot;set_value&quot;:&quot;&quot;}]\"><div class=\"jet-form__label\">\n\t<span class=\"jet-form__label-text\" >Endere\u00e7o<\/span>\n\t<\/div><input class=\"jet-form__field text-field \" value=\"\" name=\"itens[__i__][endereco-do-item]\" id=\"itens___i___endereco-do-item\" type=\"text\" data-field-name=\"endereco-do-item\"><\/div><div class=\"jet-form-col jet-form-col-4  field-type-text  jet-form-field-container\" data-field=\"cnpj-do-item\" data-conditional=\"[{&quot;type&quot;:&quot;show&quot;,&quot;field&quot;:&quot;empresa-distinta&quot;,&quot;operator&quot;:&quot;equal&quot;,&quot;value&quot;:&quot;Os certificados devem ser emitidos em nome de v\\u00e1rias empresas.&quot;,&quot;set_value&quot;:&quot;&quot;}]\"><div class=\"jet-form__label\">\n\t<span class=\"jet-form__label-text\" >CNPJ<\/span>\n\t<\/div><input class=\"jet-form__field text-field \" value=\"\" name=\"itens[__i__][cnpj-do-item]\" id=\"itens___i___cnpj-do-item\" type=\"text\" data-field-name=\"cnpj-do-item\"><\/div><\/div><\/div><div class=\"jet-form-repeater__row-remove\"><button type=\"button\" class=\"jet-form-repeater__remove\">&times;<\/button><\/div><\/div><\/template><div class=\"jet-form-repeater__items\"><\/div><div class=\"jet-form-repeater__actions\"><button type=\"button\" class=\"jet-form-repeater__new\">Adicionar item<\/button><\/div><\/div><\/div><\/div><div  class=\"jet-form-row jet-form-row--submit\"><div class=\"jet-form-col jet-form-col-12  field-type-submit  jet-form-field-container\" data-field=\"Submit\" data-conditional=\"false\"><div class=\"jet-form__submit-wrap\">\n\t\t<button class=\"jet-form__submit submit-type-reload\" type=\"submit\">Enviar<\/button>\n<\/div><\/div><\/div><input class=\"jet-form__field hidden-field\" type=\"hidden\" name=\"_jet_engine_nonce\" value=\"6a1a67cc8c\" data-field-name=\"_jet_engine_nonce\"><\/form>\t\t\t\t<\/div>\n\t\t\t\t<\/div>\n\t\t\t\t\t<\/div>\n\t\t<\/div>\n\t\t\t\t\t<\/div>\n\t\t<\/section>\n\t\t\t\t<\/div>\n\t\t","protected":false},"excerpt":{"rendered":"<p>Descartar altera\u00e7\u00f5es O que solicita? Apenas a proposta de or\u00e7amentoOrdem de servi\u00e7o Status* SolicitadaAprovadaProposta de or\u00e7amento prontaPedido ordem de servi\u00e7o ap\u00f3s proposta de or\u00e7amentoOrdem de servi\u00e7o pronta Propostas de Or\u00e7amento N\u00famero* Arquivo* Maximum file size: 512 MB &times;Adicionar Proposta de Or\u00e7amento Ordens de Servi\u00e7o N\u00famero* Arquivo* Maximum file size: 512 MB &times;Adicionar Ordem de Servi\u00e7o&hellip;&nbsp;<a href=\"https:\/\/grupodoin.com\/lmri\/editar-solicitacao\/\" rel=\"bookmark\">Continue a ler &raquo;<span class=\"screen-reader-text\">Editar Solicita\u00e7\u00e3o<\/span><\/a><\/p>\n","protected":false},"author":1,"featured_media":0,"parent":0,"menu_order":0,"comment_status":"closed","ping_status":"closed","template":"page-templates\/template-pagebuilder-full-width.php","meta":{"neve_meta_sidebar":"full-width","neve_meta_container":"","neve_meta_enable_content_width":"on","neve_meta_content_width":100,"neve_meta_title_alignment":"","neve_meta_author_avatar":"","neve_post_elements_order":"","neve_meta_disable_header":"","neve_meta_disable_footer":"","neve_meta_disable_title":"","_themeisle_gutenberg_block_has_review":false,"footnotes":""},"class_list":["post-2502","page","type-page","status-publish","hentry"],"_links":{"self":[{"href":"https:\/\/grupodoin.com\/lmri\/wp-json\/wp\/v2\/pages\/2502","targetHints":{"allow":["GET"]}}],"collection":[{"href":"https:\/\/grupodoin.com\/lmri\/wp-json\/wp\/v2\/pages"}],"about":[{"href":"https:\/\/grupodoin.com\/lmri\/wp-json\/wp\/v2\/types\/page"}],"author":[{"embeddable":true,"href":"https:\/\/grupodoin.com\/lmri\/wp-json\/wp\/v2\/users\/1"}],"replies":[{"embeddable":true,"href":"https:\/\/grupodoin.com\/lmri\/wp-json\/wp\/v2\/comments?post=2502"}],"version-history":[{"count":100,"href":"https:\/\/grupodoin.com\/lmri\/wp-json\/wp\/v2\/pages\/2502\/revisions"}],"predecessor-version":[{"id":4087,"href":"https:\/\/grupodoin.com\/lmri\/wp-json\/wp\/v2\/pages\/2502\/revisions\/4087"}],"wp:attachment":[{"href":"https:\/\/grupodoin.com\/lmri\/wp-json\/wp\/v2\/media?parent=2502"}],"curies":[{"name":"wp","href":"https:\/\/api.w.org\/{rel}","templated":true}]}}